{"id":2,"date":"2016-05-10T03:48:21","date_gmt":"2016-05-10T03:48:21","guid":{"rendered":"http:\/\/koenigsseeblick.de\/?page_id=2"},"modified":"2023-01-12T20:24:34","modified_gmt":"2023-01-12T20:24:34","slug":"sample-page","status":"publish","type":"page","link":"https:\/\/koenigsseeblick.de\/","title":{"rendered":"Startseite"},"content":{"rendered":"\n<h2 class=\"wp-block-heading\"><strong>Herzlich Willkommen in der Ferienwohnung Haus Seeblick!<\/strong><\/h2>\n\n\n\n<h4 class=\"wp-block-heading\">Genie\u00dfen Sie unvergessliche, erholsame Tage in den Berchtesgadener Alpen und genie\u00dfen sie den einmaligen Traumausblick!<\/h4>\n\n\n\n<p>Die neu eingerichtete, bis sp\u00e4t in die Abendstunden sonnendurchflutete Ferienwohnung befindet sich ruhig gelegen am Faselsberg auf 850 H\u00f6henmeter und bietet ein fantastisches Berg-Panorama \u00fcber den Nationalpark Berchtesgaden mit Watzmann und die angrenzenden Berge sowie den Berchtesgadener Talkessel.<br>Ins Zentrum von Berchtesgaden sind es dennoch nur 5 Fahr-Minuten, viele Freizeitm\u00f6glichkeiten sind direkt zu Fu\u00df von der Haust\u00fcre zu erreichen .<\/p>\n\n\n\n<p>Die 75 m\u00b2 Wohnung liegt im 1. Stock und verf\u00fcgt \u00fcber einen separaten Eingang, einen S\u00fcd-West Balkon mit traumhafter Aussicht, 2 separaten Schlafzimmern mit Balkonzugang, ein gro\u00dfz\u00fcgiges Wohnzimmer mit Panoramafenster, Relax-Couch, Eckbank und Kaminofen sowie eine voll ausgestattete K\u00fcche inkl. Esstisch.<\/p>\n\n\n\n<p>Detaillierte Informationen sowie das das Buchungs- \/ Anfrageportal:<br><a href=\"https:\/\/www.traum-ferienwohnungen.de\/266559\/\" target=\"_blank\" rel=\"noreferrer noopener\">https:\/\/www.traum-ferienwohnungen.de\/266559\/<\/a><\/p>\n\n\n\n<p>Wir freuen uns auf Ihren Besuch!<\/p>\n","protected":false},"excerpt":{"rendered":"<p>Herzlich Willkommen in der Ferienwohnung Haus Seeblick! Genie\u00dfen Sie unvergessliche, erholsame Tage in den Berchtesgadener Alpen und genie\u00dfen sie den einmaligen Traumausblick! Die neu eingerichtete, bis sp\u00e4t in die Abendstunden sonnendurchflutete Ferienwohnung befindet sich ruhig gelegen am Faselsberg auf 850 H\u00f6henmeter und bietet ein fantastisches Berg-Panorama \u00fcber den Nationalpark Berchtesgaden mit Watzmann und die angrenzenden &hellip; <\/p>\n<p class=\"link-more\"><a href=\"https:\/\/koenigsseeblick.de\/\" class=\"more-link\"><span class=\"screen-reader-text\">\u201eStartseite\u201c <\/span>weiterlesen<\/a><\/p>\n","protected":false},"author":1,"featured_media":0,"parent":0,"menu_order":0,"comment_status":"closed","ping_status":"open","template":"","meta":{"footnotes":""},"class_list":["post-2","page","type-page","status-publish","hentry"],"_links":{"self":[{"href":"https:\/\/koenigsseeblick.de\/index.php?rest_route=\/wp\/v2\/pages\/2","targetHints":{"allow":["GET"]}}],"collection":[{"href":"https:\/\/koenigsseeblick.de\/index.php?rest_route=\/wp\/v2\/pages"}],"about":[{"href":"https:\/\/koenigsseeblick.de\/index.php?rest_route=\/wp\/v2\/types\/page"}],"author":[{"embeddable":true,"href":"https:\/\/koenigsseeblick.de\/index.php?rest_route=\/wp\/v2\/users\/1"}],"replies":[{"embeddable":true,"href":"https:\/\/koenigsseeblick.de\/index.php?rest_route=%2Fwp%2Fv2%2Fcomments&post=2"}],"version-history":[{"count":6,"href":"https:\/\/koenigsseeblick.de\/index.php?rest_route=\/wp\/v2\/pages\/2\/revisions"}],"predecessor-version":[{"id":34,"href":"https:\/\/koenigsseeblick.de\/index.php?rest_route=\/wp\/v2\/pages\/2\/revisions\/34"}],"wp:attachment":[{"href":"https:\/\/koenigsseeblick.de\/index.php?rest_route=%2Fwp%2Fv2%2Fmedia&parent=2"}],"curies":[{"name":"wp","href":"https:\/\/api.w.org\/{rel}","templated":true}]}}